{"id":85,"date":"2018-05-15T09:32:43","date_gmt":"2018-05-15T07:32:43","guid":{"rendered":"http:\/\/www.l-soft.at\/?page_id=85"},"modified":"2018-05-15T09:42:11","modified_gmt":"2018-05-15T07:42:11","slug":"agb","status":"publish","type":"page","link":"https:\/\/www.l-soft.at\/?page_id=85","title":{"rendered":"AGB"},"content":{"rendered":"<p><strong>ALLGEMEINE GESCH\u00c4FTSBEDINGUNGEN<\/strong><\/p>\n<p><b>\u00a0f\u00fcr den Verkauf und die Lieferung von Organisations-, Programmierleistungen und Werknutzungsbewilligungen von Softwareprodukten<\/b> <b>(B2B)<\/b><\/p>\n<p><b>\u00a0Ausgabe 2018<br \/>\nFachverband Unternehmensberatung,<\/b> <b>Buchhaltung und Informationstechnologie<\/b><\/p>\n<p>Wiedner Hauptstra\u00dfe 63<br \/>\nA-1045 Wien<br \/>\nT: +43-(0)-590900-3172<br \/>\nF: +43-(0)-590900-3178<br \/>\nE-Mail: ubit@wko.at<br \/>\nhttp:\/\/www.ubit.at<\/p>\n<p>&nbsp;<\/p>\n<h1>1.\u00a0\u00a0\u00a0\u00a0\u00a0 Vertragsumfang und G\u00fcltigkeit<\/h1>\n<p>1.1.\u00a0\u00a0\u00a0 Alle Auftr\u00e4ge und Vereinbarungen sind nur dann rechtsverbindlich, wenn sie vom Auftragnehmer schriftlich und firmengem\u00e4\u00df gezeichnet werden und verpflichten nur in dem in der Auftragsbest\u00e4tigung angegebenem Umfang. Einkaufsbedingungen des Auftraggebers werden f\u00fcr das gegenst\u00e4ndliche Rechtsgesch\u00e4ft und die gesamte Gesch\u00e4ftsbeziehung hiermit ausgeschlossen. Angebote sind grunds\u00e4tzlich freibleibend.<\/p>\n<h1>2.\u00a0\u00a0\u00a0\u00a0\u00a0 Leistung und Pr\u00fcfung<\/h1>\n<p>2.1.\u00a0\u00a0\u00a0 Gegenstand eines Auftrages kann sein:<\/p>\n<p>&#8211; Ausarbeitung von Organisationskonzepten<br \/>\n&#8211; Global- und Detailanalysen<br \/>\n&#8211; Erstellung von Individualprogrammen<br \/>\n&#8211; Lieferung von Bibliotheks- (Standard-)Programmen<br \/>\n&#8211; Erwerb von Nutzungsberechtigungen f\u00fcr Softwareprodukte<br \/>\n&#8211; Erwerb von Werknutzungsbewilligungen<br \/>\n&#8211; Mitwirkung bei der Inbetriebnahme (Umstellungsunterst\u00fctzung)<br \/>\n&#8211; Telefonische Beratung<br \/>\n&#8211; Programmwartung<br \/>\n&#8211; Erstellung von Programmtr\u00e4gern<br \/>\n&#8211; Sonstige Dienstleistungen<\/p>\n<p>2.2.\u00a0\u00a0\u00a0 Die Ausarbeitung individueller Organisationskonzepte und Programme erfolgt nach Art und Umfang der vom Auftraggeber vollst\u00e4ndig zur Verf\u00fcgung gestellten bindenden Informationen, Unterlagen und Hilfsmittel. Dazu z\u00e4hlen auch praxisgerechte Testdaten sowie Testm\u00f6glichkeiten in ausreichendem Ausma\u00df, die der Auftraggeber zeitgerecht, in der Normalarbeitszeit und auf seine Kosten zur Verf\u00fcgung stellt. Wird vom Auftraggeber bereits auf der zum Test zur Verf\u00fcgung gestellten Anlage im Echtbetrieb gearbeitet, liegt die Verantwortung f\u00fcr die Sicherung der Echtdaten beim Auftraggeber.<\/p>\n<p>2.3.\u00a0\u00a0\u00a0 Grundlage f\u00fcr die Erstellung von Individualprogrammen ist die schriftliche Leistungsbeschreibung, die der Auftragnehmer gegen Kostenberechnung aufgrund der ihm zur Verf\u00fcgung gestellten Unterlagen und Informationen ausarbeitet bzw. der Auftraggeber zur Verf\u00fcgung stellt. Diese Leistungsbeschreibung ist vom Auftraggeber auf Richtigkeit und Vollst\u00e4ndigkeit zu \u00fcberpr\u00fcfen und mit seinem Zustimmungsvermerk zu versehen. Sp\u00e4ter auftretende \u00c4nderungsw\u00fcnsche k\u00f6nnen zu gesonderten Termin- und Preisvereinbarungen f\u00fchren.<\/p>\n<p>2.4.\u00a0\u00a0\u00a0 Individuell erstellte Software bzw. Programmadaptierungen bed\u00fcrfen f\u00fcr das jeweils betroffene Programmpaket einer Programmabnahme sp\u00e4testens vier Wochen ab Lieferung durch den Auftraggeber. Diese wird in einem Protokoll vom Auftraggeber best\u00e4tigt. (Pr\u00fcfung auf Richtigkeit und Vollst\u00e4ndigkeit anhand der vom Auftragnehmer akzeptierten Leistungsbeschreibung mittels der unter Punkt 2.2. angef\u00fchrten zur Verf\u00fcgung gestellten Testdaten). L\u00e4sst der Auftraggeber den Zeitraum von vier Wochen ohne Programmabnahme verstreichen, so gilt die gelieferte Software mit dem Enddatum des genannten Zeitraumes als abgenommen. Bei Einsatz der Software im Echtbetrieb durch den Auf\u00adtraggeber gilt die Software jedenfalls als abgenommen.<\/p>\n<p>Etwa auftretende M\u00e4ngel, das sind Abweichungen von der schriftlich vereinbarten Leistungsbeschreibung, sind vom Auftraggeber ausreichend dokumentiert dem Auftragnehmer zu melden, der um rasche m\u00f6gliche M\u00e4ngelbehebung bem\u00fcht ist. Liegen schriftlich gemeldete, wesentliche M\u00e4ngel vor, das hei\u00dft, dass der Echtbetrieb nicht begonnen oder fortgesetzt werden kann, so ist nach M\u00e4ngelbehebung eine neuerliche Abnahme erforderlich.<\/p>\n<p>Der Auftraggeber ist nicht berechtigt, die Abnahme von Software wegen unwesentlicher M\u00e4ngel abzulehnen.<\/p>\n<p>2.5.\u00a0\u00a0\u00a0 Bei Bestellung von Bibliotheks-(Standard-)Programmen best\u00e4tigt der Auftraggeber mit der Bestellung die Kenntnis des Leistungsumfanges der bestellten Programme.<\/p>\n<p>2.6.\u00a0\u00a0\u00a0 Sollte sich im Zuge der Arbeiten herausstellen, dass die Ausf\u00fchrung des Auftrages gem\u00e4\u00df Leistungsbeschreibung tats\u00e4chlich oder juristisch unm\u00f6glich ist, ist der Auftragnehmer verpflichtet, dies dem Auftraggeber sofort anzuzeigen. \u00c4ndert der Auftraggeber die Leistungsbeschreibung nicht dahingehend bzw. schafft die Voraussetzung, dass eine Ausf\u00fchrung m\u00f6glich wird, kann der Auftragnehmer die Ausf\u00fchrung ablehnen. Ist die Unm\u00f6glichkeit der Ausf\u00fchrung die Folge eines Vers\u00e4umnisses des Auftraggebers oder einer nachtr\u00e4glichen \u00c4nderung der Leistungsbeschreibung durch den Auftraggeber, ist der Auftragnehmer berechtigt, vom Auftrag zur\u00fcckzutreten. Die bis dahin f\u00fcr die T\u00e4tigkeit des Auftragnehmers angefallenen Kosten und Spesen sowie allf\u00e4llige Abbaukosten sind vom Auftraggeber zu ersetzen.<\/p>\n<p>2.7.\u00a0\u00a0\u00a0 Ein Versand von Programmtr\u00e4gern, Dokumentationen und Leistungsbeschreibungen erfolgt auf Kosten und Gefahr des Auftraggebers. Dar\u00fcber hinaus vom Auftraggeber gew\u00fcnschte Schulung und Erkl\u00e4rungen werden gesondert in Rechnung gestellt. Versicherungen erfolgen nur auf Wunsch des Auftraggebers.<\/p>\n<p>2.8.\u00a0\u00a0\u00a0 Ausdr\u00fccklich weisen wir daraufhin, dass eine barrierefreie Ausgestaltung (von Websites) iSd Bundesgesetzes \u00fcber die Gleichstellung von Menschen mit Behinderungen (Bundes-Behindertengleichstellungsgesetz \u2013 BGStG)\u201c nicht im Angebot enthalten ist, sofern diese nicht gesondert\/ individuell vom Auftraggeber angefordert wurde. Sollte die barrierefreie Ausgestaltung nicht vereinbart worden sein, so obliegt dem Auftraggeber die \u00dcberpr\u00fcfung der Leistung auf ihre Zul\u00e4ssigkeit im Hinblick auf das Bundes-Behindertengleichstellungsgesetz durchzuf\u00fchren. Ebenso hat der Auftraggeber von ihm bereit gestellte Inhalte auf ihre rechtliche, insbesondere wettbewerbs-, marken-, urheber- und verwaltungsrechtliche Zul\u00e4ssigkeit zu \u00fcberpr\u00fcfen. Der Auftragnehmer haftet im Falle leichter Fahrl\u00e4ssigkeit oder nach Erf\u00fcllung einer allf\u00e4lligen Warnpflicht gegen\u00fcber dem Kunden nicht f\u00fcr die rechtliche Zul\u00e4ssigkeit von Inhalten, wenn diese vom Kunden vorgegeben wurden.<\/p>\n<h1>3.\u00a0\u00a0\u00a0\u00a0\u00a0 Preise, Steuern und Geb\u00fchren<\/h1>\n<p>3.1.\u00a0\u00a0\u00a0 Alle Preise verstehen sich in Euro ohne Umsatzsteuer. Sie gelten nur f\u00fcr den vorliegenden Auftrag. Die genannten Preise verstehen sich ab Gesch\u00e4ftssitz bzw. -stelle des Auftragnehmers. Die Kosten von Programmtr\u00e4gern (z.B. CD\u2019s, Magnetb\u00e4nder, Magnetplatten, Floppy Disks, Streamer Tapes, Magnetbandkassetten usw.) sowie allf\u00e4llige Vertragsgeb\u00fchren werden gesondert in Rechnung gestellt.<\/p>\n<p>3.2.\u00a0\u00a0\u00a0 Bei Bibliotheks- (Standard)-Programmen gelten die am Tag der Lieferung g\u00fcltigen Listenpreise. Bei allen anderen Dienstleistungen (Organisationsberatung, Programmierung, Einschulung, Umstellungsunterst\u00fctzung, telefonische Beratung usw.) wird der Arbeitsaufwand zu den am Tag der Leistungserbringung g\u00fcltigen S\u00e4tzen verrechnet. Abweichungen von einem dem Vertragspreis zugrundeliegenden Zeitaufwand, der nicht vom Auftragnehmer zu vertreten ist, wird nach tats\u00e4chlichem Anfall berechnet.<\/p>\n<p>3.3.\u00a0\u00a0\u00a0 Die Kosten f\u00fcr Fahrt-, Tag- und N\u00e4chtigungsgelder werden dem Auftraggeber gesondert nach den jeweils g\u00fcltigen S\u00e4tzen in Rechnung gestellt. Wegzeiten gelten als Arbeitszeit.<\/p>\n<h1>4. \u00a0\u00a0\u00a0\u00a0 Liefertermin<\/h1>\n<p>4.1.\u00a0\u00a0\u00a0 Der Auftragnehmer ist bestrebt, die vereinbarten Termine der Erf\u00fcllung (Fertigstellung) m\u00f6glichst genau einzuhalten.<\/p>\n<p>4.2.\u00a0\u00a0\u00a0 Die angestrebten Erf\u00fcllungstermine k\u00f6nnen nur dann eingehalten werden, wenn der Auftraggeber zu den vom Auftragnehmer angegebenen Terminen alle notwendigen Arbeiten und Unterlagen vollst\u00e4ndig, insbesondere die von ihm akzeptierte Leistungsbeschreibung lt. Punkt 2.3. zur Verf\u00fcgung stellt und seiner Mitwirkungsverpflichtung im erforderlichen Ausma\u00df nachkommt.<\/p>\n<p>Lieferverz\u00f6gerungen und Kostenerh\u00f6hungen, die durch unrichtige, unvollst\u00e4ndige oder nachtr\u00e4glich ge\u00e4nderte Angaben und Informationen bzw. zur Verf\u00fcgung gestellte Unterlagen entstehen, sind vom Auftragnehmer nicht zu vertreten und k\u00f6nnen nicht zum Verzug des Auftragnehmers f\u00fchren. Daraus resultierende Mehrkosten tr\u00e4gt der Auftraggeber.<\/p>\n<p>4.3.\u00a0\u00a0\u00a0 Bei Auftr\u00e4gen, die mehrere Einheiten bzw. Programme umfassen, ist der Auftragnehmer berechtigt, Teillieferungen durchzuf\u00fchren bzw. Teilrechnungen zu legen.<\/p>\n<h1>5.\u00a0\u00a0\u00a0\u00a0\u00a0 Zahlung<\/h1>\n<p>5.1. \u00a0\u00a0 Die vom Auftragnehmer gelegten Rechnungen inklusive Umsatzsteuer sind sp\u00e4testens 14 Tage ab Fakturenerhalt ohne jeden Abzug und spesenfrei zahlbar. F\u00fcr Teilrechnungen gelten die f\u00fcr den Gesamtauftrag festgelegten Zahlungsbedingungen analog.<\/p>\n<p>5.2.\u00a0\u00a0\u00a0 Bei Auftr\u00e4gen, die mehrere Einheiten (z.B. Programme und\/oder Schulungen, Reali\u00adsierungen in Teilschritten) umfassen, ist der Auftragnehmer berechtigt, nach Lieferung jeder einzelnen Einheit oder Leistung Rechnung zu legen.<\/p>\n<p>5.3.\u00a0\u00a0\u00a0 Die Einhaltung der vereinbarten Zahlungstermine bildet eine wesentliche Bedingung f\u00fcr die Durchf\u00fchrung der Lieferung bzw. Vertragserf\u00fcllung durch den Auftragnehmer. Die Nichteinhaltung der vereinbarten Zahlungen berechtigen den Auftragnehmer, die laufenden Arbeiten einzustellen und vom Vertrag zur\u00fcckzutreten. Alle damit verbundenen Kosten sowie der Gewinnentgang sind vom Auftraggeber zu tragen.<\/p>\n<p>Bei Zahlungsverzug werden Verzugszinsen im bank\u00fcblichen Ausma\u00df verrechnet. Bei Nichteinhaltung zweier Raten bei Teilzahlungen ist der Auftragnehmer berechtigt, Terminverlust in Kraft treten zu lassen und \u00fcbergebene Akzepte f\u00e4llig zu stellen.<\/p>\n<p>5.4.\u00a0\u00a0\u00a0 Der Auftraggeber ist nicht berechtigt, Zahlungen wegen nicht vollst\u00e4ndiger Gesamtlieferung, Garantie- oder Gew\u00e4hrleistungsanspr\u00fcchen oder Bem\u00e4ngelungen zur\u00fcck zu halten.<\/p>\n<h1>6.\u00a0\u00a0\u00a0\u00a0\u00a0 Urheberrecht und Nutzung<\/h1>\n<p>6.1.\u00a0\u00a0\u00a0 Der Auftragnehmer erteilt dem Auftraggeber nach Bezahlung des vereinbarten Entgelts ein nicht ausschlie\u00dfliches, nicht \u00fcbertragbares, nicht unterlizenzierbares und zeitlich unbegrenztes Recht die Software f\u00fcr die im Vertrag spezifizierte Hardware und im Ausma\u00df der erworbenen Anzahl Lizenzen f\u00fcr die gleichzeitige Nutzung auf mehreren Arbeitspl\u00e4tzen zu verwenden, s\u00e4mtliche auf der Grundlage des Vertrages des Auftragnehmers erstellten Arbeitsergebnisse zum eigenen, internen Gebrauch zu nutzen. S\u00e4mtliche sonstige Rechte verbleiben beim Auftragnehmer.<\/p>\n<p>Durch die Mitwirkung des Auftraggebers bei der Herstellung der Software werden keine Rechte \u00fcber die im gegenst\u00e4ndlichen Vertrag festgelegte Nutzung erworben. Jede Verletzung der Urheberrechte des Auftragnehmers zieht Schadenersatzanspr\u00fcche nach sich, wobei in einem solchen Fall volle Genugtuung zu leisten ist.<\/p>\n<p>6.2.\u00a0\u00a0\u00a0 Die Anfertigung von Kopien f\u00fcr Archiv- und Datensicherungszwecke ist dem Auftraggeber unter der Bedingung gestattet, dass in der Software kein ausdr\u00fcckliches Verbot des Lizenzgebers oder Dritter enthalten ist, und dass s\u00e4mtliche Copyright- und Eigentumsvermerke in diese Kopien unver\u00e4ndert mit \u00fcbertragen werden.<\/p>\n<p>6.3.\u00a0\u00a0\u00a0 Sollte f\u00fcr die Herstellung von Interoperabilit\u00e4t der gegenst\u00e4ndlichen Software die Offenlegung der Schnittstellen erforderlich sein, ist dies vom Auftraggeber gegen Kostenverg\u00fctung beim Auftragnehmer zu beauftragen. Kommt der Auftragnehmer dieser Forderung nicht nach und erfolgt eine Dekompilierung gem\u00e4\u00df Urheberrechtsgesetz, sind die Ergebnisse ausschlie\u00dflich zur Herstellung der Interoperabilit\u00e4t zu verwenden. Missbrauch hat Schadenersatz zur Folge.<\/p>\n<p>6.4.\u00a0\u00a0\u00a0 Wird dem Auftraggeber eine Software zur Verf\u00fcgung gestellt, deren Lizenzinhaber ein Dritter ist (zB Standardsoftware von Microsoft), so richtet sich die Einr\u00e4umung des Nutzungsrechts nach den Lizenzbestimmungen des Lizenzinhabers (Hersteller).<\/p>\n<h1>7. \u00a0\u00a0\u00a0\u00a0 R\u00fccktrittsrecht<\/h1>\n<p>7.1.\u00a0\u00a0\u00a0 F\u00fcr den Fall der \u00dcberschreitung einer vereinbarten Lieferzeit aus alleinigem Verschulden oder rechtswidrigem Handeln des Auftragnehmers ist der Auftraggeber berechtigt, mittels eingeschriebenen Briefes vom betreffenden Auftrag zur\u00fcckzutreten, wenn auch innerhalb der angemessenen Nachfrist die vereinbarte Leistung in wesentlichen Teilen nicht erbracht wird und den Auftraggeber daran kein Verschulden trifft.<\/p>\n<p>7.2.\u00a0\u00a0\u00a0 H\u00f6here Gewalt, Arbeitskonflikte, Naturkatastrophen und Transportsperren sowie sonstige Umst\u00e4nde, die au\u00dferhalb der Einflussm\u00f6glichkeit des Auftragnehmers liegen, entbinden den Auftragnehmer von der Lieferverpflichtung bzw. gestatten ihm eine Neufestsetzung der vereinbarten Lieferzeit.<\/p>\n<p>7.3.\u00a0\u00a0\u00a0 Stornierungen durch den Auftraggeber sind nur mit schriftlicher Zustimmung des Auftragnehmers m\u00f6glich. Ist der Auftragnehmer mit einem Storno einverstanden, so hat er das Recht, neben den erbrachten Leistungen und aufgelaufenen Kosten eine Stornogeb\u00fchr in der H\u00f6he von 30% des noch nicht abgerechneten Auftragswertes des Gesamtprojektes zu verrechnen.<\/p>\n<h1>8.\u00a0\u00a0\u00a0\u00a0\u00a0 Gew\u00e4hrleistung, Wartung, \u00c4nderungen<\/h1>\n<p>8.1.\u00a0\u00a0\u00a0 Der Auftragnehmer gew\u00e4hrleistet, dass die Software die in der dazugeh\u00f6rigen Dokumentation beschriebenen Funktionen erf\u00fcllt, sofern die Software auf dem im Vertrag beschriebenen Betriebssystem genutzt wird.<\/p>\n<ul>\n<li>Voraussetzung f\u00fcr die Fehlerbeseitigung ist, dass<\/li>\n<\/ul>\n<ul>\n<li>der Auftraggeber den Fehler ausreichend in einer Fehlermeldung beschreibt und diese f\u00fcr den Auftragnehmer bestimmbar ist;<\/li>\n<li>der Auftraggeber dem Auftragnehmer alle f\u00fcr die Fehlerbeseitigung erforderlichen Unterlagen zur Verf\u00fcgung stellt;<\/li>\n<li>der Auftraggeber oder ein ihm zurechenbarer Dritter keine Eingriffe in die Software vorgenommen hat;<\/li>\n<li>die Software unter den Bestimmungsm\u00e4\u00dfigen Betriebsbedingungen entsprechend der Dokumentation betrieben wird.\n<ul>\n<li>Im Falle der Gew\u00e4hrleistung hat Verbesserung jedenfalls Vorrang vor Preisminderung oder Wandlung. Bei gerechtfertigter M\u00e4ngelr\u00fcge werden die M\u00e4ngel in angemessener Frist behoben, wobei der Auftraggeber dem Auftragnehmer alle zur Untersuchung und M\u00e4ngelbehebung erforderlichen Ma\u00dfnahmen erm\u00f6glicht.<\/li>\n<\/ul>\n<\/li>\n<\/ul>\n<p>Die Vermutung der Mangelhaftigkeit gem. \u00a7 924 ABGB gilt als ausgeschlossen.<\/p>\n<p>8.2.3\u00a0 Korrekturen und Erg\u00e4nzungen, die sich bis zur \u00dcbergabe der vereinbarten Leistung aufgrund organisatorischer und programmtechnischer M\u00e4ngel, welche vom Auftragnehmer zu vertreten sind, als notwendig erweisen, werden kostenlos vom Auftragnehmer durchgef\u00fchrt.<\/p>\n<p>8.3.\u00a0\u00a0\u00a0 Kosten f\u00fcr Hilfestellung, Fehldiagnose sowie Fehler- und St\u00f6rungsbeseitigung, die vom Auftraggeber zu vertreten sind sowie sonstige Korrekturen, \u00c4nderungen und Erg\u00e4nzungen werden vom Auftragnehmer gegen Berechnung durchgef\u00fchrt. Dies gilt auch f\u00fcr die Behebung von M\u00e4ngeln, wenn Programm\u00e4nderungen, Erg\u00e4nzungen oder sonstige Eingriffe vom Auftraggeber selbst oder von dritter Seite vorgenommen worden sind.<\/p>\n<p>8.4.\u00a0\u00a0\u00a0 Ferner \u00fcbernimmt der Auftragnehmer keine Gew\u00e4hr f\u00fcr Fehler, St\u00f6rungen oder Sch\u00e4den, die auf unsachgem\u00e4\u00dfe Bedienung, ge\u00e4nderter Betriebssystemkomponenten, Schnittstellen und Parameter, Verwendung ungeeigneter Organisationsmittel und Datentr\u00e4ger, soweit solche vorgeschrieben sind, anormale Betriebsbedingungen (insbesondere Abweichungen von den Installations- und Lagerbedingungen) sowie auf Transportsch\u00e4den zur\u00fcckzuf\u00fchren sind.<\/p>\n<p>8.5.\u00a0\u00a0\u00a0 F\u00fcr Programme, die durch eigene Programmierer des Auftraggebers bzw. Dritte nachtr\u00e4glich ver\u00e4ndert werden, entf\u00e4llt jegliche Gew\u00e4hrleistung durch den Auftragnehmer.<\/p>\n<p>8.6.\u00a0\u00a0\u00a0 Soweit Gegenstand des Auftrages die \u00c4nderung oder Erg\u00e4nzung bereits bestehender Programme ist, bezieht sich die Gew\u00e4hrleistung auf die \u00c4nderung oder Erg\u00e4nzung. Die Gew\u00e4hrleistung f\u00fcr das urspr\u00fcngliche Programm lebt dadurch nicht wieder auf.<\/p>\n<p>8.7.\u00a0\u00a0\u00a0\u00a0\u00a0\u00a0\u00a0\u00a0\u00a0\u00a0\u00a0\u00a0 Gew\u00e4hrleistungsanspr\u00fcche verj\u00e4hren in sechs (6) Monaten ab \u00dcbergabe.<\/p>\n<h1>9. \u00a0\u00a0\u00a0\u00a0 Haftung<\/h1>\n<p>9.1. \u00a0\u00a0 Der Auftragnehmer haftet dem Auftraggeber f\u00fcr von ihm nachweislich verschuldete Sch\u00e4den nur im Falle groben Verschuldens. Dies gilt sinngem\u00e4\u00df auch f\u00fcr Sch\u00e4den, die auf vom Auftragnehmer beigezogene Dritte zur\u00fcckzuf\u00fchren sind. Im Falle von verschuldeten Personensch\u00e4den haftet der Auftragnehmer unbeschr\u00e4nkt.<\/p>\n<ul>\n<li>Die Haftung f\u00fcr mittelbare Sch\u00e4den &#8211; wie beispielsweise entgangenen Gewinn, Kosten die mit einer Betriebsunterbrechung verbunden sind, Datenverluste oder Anspr\u00fcche Dritter &#8211; wird ausdr\u00fccklich ausgeschlossen.<\/li>\n<li>Schadensersatzanspr\u00fcche verj\u00e4hren nach den gesetzlichen Vorschriften, jedoch sp\u00e4testens mit Ablauf eines Jahres ab Kenntnis des Schadens und des Sch\u00e4digers.<\/li>\n<\/ul>\n<p>9.4.\u00a0\u00a0\u00a0 Sofern der Auftragnehmer das Werk unter Zuhilfenahme Dritter erbringt und in diesem Zusammenhang Gew\u00e4hrleistungs- und\/oder Haftungsanspr\u00fcche gegen\u00fcber diesen Dritten entstehen, tritt der Auftragnehmer diese Anspr\u00fcche an den Auftraggeber ab. Der Auftraggeber wird sich in diesem Fall vorrangig an diese Dritten halten.<\/p>\n<p>9.5. \u00a0\u00a0 Ist die Datensicherung ausdr\u00fccklich als Leistung vereinbart, so ist die Haftung f\u00fcr den Verlust von Daten abweichend von Punkt 9.2 nicht ausgeschlossen, jedoch f\u00fcr die Wiederherstellung der Daten begrenzt bis maximal EUR 10 % der Auftragssumme je Schadensfall, maximal jedoch EUR 15.000,-. Weitergehende als die in diesem Vertrag genannten Gew\u00e4hrleistungs- und Schadenersatzanspr\u00fcche des AG -gleich aus welchem Rechtsgrund- sind ausgeschlossen.<\/p>\n<h1>10.\u00a0\u00a0\u00a0\u00a0 Loyalit\u00e4t<\/h1>\n<p>10.1.\u00a0 Die Vertragspartner verpflichten sich zur gegenseitigen Loyalit\u00e4t. Sie werden jede Abwerbung und Besch\u00e4ftigung, auch \u00fcber Dritte, von Mitarbeitern, die an der Realisierung der Auftr\u00e4ge gearbeitet haben, des anderen Vertragspartners w\u00e4hrend der Dauer des Vertrages und 12 Monate nach Beendigung des Vertrages unterlassen. Der dagegen versto\u00dfende Vertragspartner ist verpflichtet, pauschalierten Schadenersatz in der H\u00f6he eines Jahresgehaltes des Mitarbeiters zu zahlen.<\/p>\n<h1>11.\u00a0\u00a0\u00a0\u00a0 Geheimhaltung<\/h1>\n<p>11.1.\u00a0 Der Auftragnehmer verpflichtet seine Mitarbeiter, die Bestimmungen gem\u00e4\u00df \u00a7 6 des Datenschutzgesetzes einzuhalten.<\/p>\n<h1>12.\u00a0\u00a0\u00a0\u00a0 Sonstiges<\/h1>\n<p>12.1\u00a0\u00a0 Sollten einzelne Bestimmungen dieses Vertrages unwirksam sein oder unwirksam werden, so wird hierdurch der \u00fcbrige Inhalt dieses Vertrages nicht ber\u00fchrt. Die Vertragspartner werden partnerschaftlich zusammenwirken, um eine Regelung zu finden, die den unwirksamen Bestimmungen m\u00f6glichst nahekommt.<\/p>\n<h1>13.\u00a0\u00a0\u00a0\u00a0 Schlussbestimmungen<\/h1>\n<p>13.1\u00a0\u00a0 Soweit nicht anders vereinbart, gelten die zwischen Unternehmern zur Anwendung kommenden gesetzlichen Bestimmungen ausschlie\u00dflich nach \u00f6sterreichischem Recht, auch dann, wenn der Auftrag im Ausland durchgef\u00fchrt wird. F\u00fcr eventuelle Streitigkeiten gilt ausschlie\u00dflich die \u00f6rtliche Zust\u00e4ndigkeit des sachlich zust\u00e4ndigen Gerichtes f\u00fcr den Gesch\u00e4ftssitz des Auftragnehmers als vereinbart. F\u00fcr den Verkauf an Verbraucher im Sinne des Konsumentenschutzgesetzes gelten die vorstehenden Bestimmungen nur insoweit, als das Konsumentenschutzgesetz nicht zwingend andere Bestimmungen vorsieht.<\/p>\n<p>F\u00fcr den Fall von Streitigkeiten aus diesem Vertrag, die nicht einvernehmlich geregelt werden k\u00f6nnen, vereinbaren die Vertragsparteien einvernehmlich zur au\u00dfergerichtlichen Beilegung des Konfliktes eingetragene Mediatoren (ZivMediatG) mit dem Schwerpunkt WirtschaftsMediation aus der Liste des Justizministeriums beizuziehen. Sollte \u00fcber die Auswahl der WirtschaftsMediatoren oder inhaltlich kein Einvernehmen hergestellt werden k\u00f6nnen, werden fr\u00fchestens ein Monat ab Scheitern der Verhandlungen rechtliche Schritte eingeleitet.<\/p>\n<p>Im Falle einer nicht zustande gekommenen oder abgebrochenen Mediation, gilt in einem allf\u00e4llig eingeleiteten Gerichtsverfahren \u00f6sterreichisches Recht.<\/p>\n<p>S\u00e4mtliche aufgrund einer vorherigen Mediation angelaufenen notwendigen Aufwendungen, insbesondere auch jene f\u00fcr eine(n) beigezogene(n) RechtsberaterIn, k\u00f6nnen vereinbarungsgem\u00e4\u00df in einem Gerichts- oder Schiedsgerichtsverfahren als \u201evorprozessuale Kosten\u201c geltend gemacht werden.<\/p>\n<p>&nbsp;<\/p>\n","protected":false},"excerpt":{"rendered":"<p>ALLGEMEINE GESCH\u00c4FTSBEDINGUNGEN \u00a0f\u00fcr den Verkauf und die Lieferung von Organisations-, Programmierleistungen und Werknutzungsbewilligungen von Softwareprodukten (B2B) \u00a0Ausgabe 2018 Fachverband Unternehmensberatung, Buchhaltung und Informationstechnologie Wiedner Hauptstra\u00dfe 63 A-1045 Wien T: +43-(0)-590900-3172 F: +43-(0)-590900-3178 E-Mail: ubit@wko.at http:\/\/www.ubit.at &nbsp; 1.\u00a0\u00a0\u00a0\u00a0\u00a0 Vertragsumfang und G\u00fcltigkeit 1.1.\u00a0\u00a0\u00a0 Alle Auftr\u00e4ge und Vereinbarungen sind nur dann rechtsverbindlich, wenn sie vom Auftragnehmer schriftlich und&hellip;<\/p>\n","protected":false},"author":1,"featured_media":0,"parent":0,"menu_order":0,"comment_status":"closed","ping_status":"closed","template":"","meta":[],"_links":{"self":[{"href":"https:\/\/www.l-soft.at\/index.php?rest_route=\/wp\/v2\/pages\/85"}],"collection":[{"href":"https:\/\/www.l-soft.at\/index.php?rest_route=\/wp\/v2\/pages"}],"about":[{"href":"https:\/\/www.l-soft.at\/index.php?rest_route=\/wp\/v2\/types\/page"}],"author":[{"embeddable":true,"href":"https:\/\/www.l-soft.at\/index.php?rest_route=\/wp\/v2\/users\/1"}],"replies":[{"embeddable":true,"href":"https:\/\/www.l-soft.at\/index.php?rest_route=%2Fwp%2Fv2%2Fcomments&post=85"}],"version-history":[{"count":3,"href":"https:\/\/www.l-soft.at\/index.php?rest_route=\/wp\/v2\/pages\/85\/revisions"}],"predecessor-version":[{"id":90,"href":"https:\/\/www.l-soft.at\/index.php?rest_route=\/wp\/v2\/pages\/85\/revisions\/90"}],"wp:attachment":[{"href":"https:\/\/www.l-soft.at\/index.php?rest_route=%2Fwp%2Fv2%2Fmedia&parent=85"}],"curies":[{"name":"wp","href":"https:\/\/api.w.org\/{rel}","templated":true}]}}