{"id":2,"date":"2015-10-19T12:56:52","date_gmt":"2015-10-19T10:56:52","guid":{"rendered":""},"modified":"2015-12-06T13:02:34","modified_gmt":"2015-12-06T12:02:34","slug":"beispiel-seite","status":"publish","type":"page","link":"https:\/\/www.l-soft.at\/","title":{"rendered":"Home"},"content":{"rendered":"<p><span style=\"font-size: 24pt;\"><em><strong><span style=\"color: #003366; font-size: 36pt;\">S<\/span>oftware nach <span style=\"color: #800000; font-size: 36pt;\">M<\/span>a\u00df!<\/strong><\/em><\/span><span style=\"color: #3366ff; font-size: 24pt;\"><em><strong>\u00a0<\/strong><\/em><\/span><\/p>\n<p><span style=\"font-size: 14pt;\"><strong>LSE<\/strong><\/span> besch\u00e4ftigt sich mit der Programmierung individueller Datenbank-Software &#8211; von Client\/Server bis hin zu integrierten Mobile-Anwendungen.<br \/>\nOb Neuprogrammierung, Integration in vorhandene Projekte oder Schnittstellen zu externen Systemen\u00a0&#8211; unsere modernen und datenbankunabh\u00e4ngigen Entwicklungswerkzeuge erlauben eine optimale L\u00f6sung f\u00fcr Ihre Anforderungen.<br \/>\nSie wollen Ihr Unternehmen im Internet\u00a0professionell pr\u00e4sentieren? Wir bieten Ihnen die Gesamtl\u00f6sung &#8211; von der Registrierung Ihrer Domain bis zur fertigen Ver\u00f6ffentlichung!<\/p>\n<p>Kontaktieren Sie uns:<\/p>\n<p><a href=\"mailto:office@l-soft.at\">\u00a0<\/a><strong>Email:<\/strong> <a href=\"mailto:office@l-soft.at\">office@l-soft.at<\/a><\/p>\n","protected":false},"excerpt":{"rendered":"<p>Software nach Ma\u00df!\u00a0 LSE besch\u00e4ftigt sich mit der Programmierung individueller Datenbank-Software &#8211; von Client\/Server bis hin zu integrierten Mobile-Anwendungen. Ob Neuprogrammierung, Integration in vorhandene Projekte oder Schnittstellen zu externen Systemen\u00a0&#8211; unsere modernen und datenbankunabh\u00e4ngigen Entwicklungswerkzeuge erlauben eine optimale L\u00f6sung f\u00fcr Ihre Anforderungen. Sie wollen Ihr Unternehmen im Internet\u00a0professionell pr\u00e4sentieren? Wir bieten Ihnen die Gesamtl\u00f6sung &#8211;&hellip;<\/p>\n","protected":false},"author":1,"featured_media":0,"parent":0,"menu_order":0,"comment_status":"closed","ping_status":"closed","template":"page-templates\/full-width.php","meta":[],"_links":{"self":[{"href":"https:\/\/www.l-soft.at\/index.php?rest_route=\/wp\/v2\/pages\/2"}],"collection":[{"href":"https:\/\/www.l-soft.at\/index.php?rest_route=\/wp\/v2\/pages"}],"about":[{"href":"https:\/\/www.l-soft.at\/index.php?rest_route=\/wp\/v2\/types\/page"}],"author":[{"embeddable":true,"href":"https:\/\/www.l-soft.at\/index.php?rest_route=\/wp\/v2\/users\/1"}],"replies":[{"embeddable":true,"href":"https:\/\/www.l-soft.at\/index.php?rest_route=%2Fwp%2Fv2%2Fcomments&post=2"}],"version-history":[{"count":14,"href":"https:\/\/www.l-soft.at\/index.php?rest_route=\/wp\/v2\/pages\/2\/revisions"}],"predecessor-version":[{"id":67,"href":"https:\/\/www.l-soft.at\/index.php?rest_route=\/wp\/v2\/pages\/2\/revisions\/67"}],"wp:attachment":[{"href":"https:\/\/www.l-soft.at\/index.php?rest_route=%2Fwp%2Fv2%2Fmedia&parent=2"}],"curies":[{"name":"wp","href":"https:\/\/api.w.org\/{rel}","templated":true}]}}